{"id":2836,"date":"2024-11-28T14:09:50","date_gmt":"2024-11-28T14:09:50","guid":{"rendered":"https:\/\/tektia.com\/politique-de-cookies\/"},"modified":"2025-03-05T12:28:33","modified_gmt":"2025-03-05T12:28:33","slug":"politique-de-cookies","status":"publish","type":"page","link":"https:\/\/tektia.com\/fr\/politique-de-cookies\/","title":{"rendered":"Politique de cookies"},"content":{"rendered":"\n<p class=\"\">Le <strong>site web de GLOBAL TEKTIA, S.L.<\/strong> (ci-apr\u00e8s, \u00ab Tektia \u00bb) utilise des cookies pour am\u00e9liorer l\u2019exp\u00e9rience de l\u2019utilisateur et fournir un service personnalis\u00e9 et efficace. En poursuivant sa navigation sur le site, l\u2019utilisateur accepte l\u2019utilisation de cookies conform\u00e9ment \u00e0 la pr\u00e9sente politique en mati\u00e8re de cookies. <\/p>\n\n<p class=\"\"><strong>1. QU\u2019EST-CE QU\u2019UN COOKIE ?<\/strong><\/p>\n\n<p class=\"\">Les cookies sont de petits fichiers texte qui sont stock\u00e9s sur l\u2019appareil d\u2019un utilisateur par le navigateur lorsqu\u2019il visite un site Web. Les cookies permettent \u00e0 un site web, entre autres, de stocker et de r\u00e9cup\u00e9rer des informations sur les habitudes de navigation de l\u2019utilisateur ou de son ordinateur, et en fonction des informations qu\u2019ils contiennent et de la mani\u00e8re dont l\u2019ordinateur est utilis\u00e9, ils peuvent \u00eatre utilis\u00e9s pour reconna\u00eetre l\u2019utilisateur.   <\/p>\n\n<p class=\"\">Les cookies facilitent la navigation et n\u2019endommagent pas votre appareil.  <\/p>\n\n<p class=\"\">Les informations collect\u00e9es par le biais des cookies peuvent inclure la date et l\u2019heure des visites sur le site Web, les pages consult\u00e9es et l\u2019heure de la consultation. Cependant, les cookies ne peuvent pas extraire d\u2019informations personnelles de l\u2019appareil de l\u2019utilisateur.   <\/p>\n\n<p class=\"\"><strong>2. TYPES DE COOKIES UTILIS\u00c9S<\/strong><\/p>\n\n<p class=\"\">Nous utilisons les types de cookies suivants sur notre site Web :<\/p>\n\n<ul class=\"wp-block-list\">\n<li class=\"\"><strong>Cookies techniques :<\/strong> Ils sont n\u00e9cessaires au bon fonctionnement du site web et permettent \u00e0 l\u2019utilisateur de naviguer sur la page et d\u2019utiliser les diff\u00e9rentes options ou services propos\u00e9s, tels que, par exemple, l\u2019acc\u00e8s aux zones d\u2019acc\u00e8s restreint.<\/li>\n\n\n\n<li class=\"\"><strong>Cookies de personnalisation :<\/strong> Ils permettent de m\u00e9moriser des informations afin que l\u2019utilisateur puisse acc\u00e9der au service avec certaines caract\u00e9ristiques qui peuvent diff\u00e9rencier son exp\u00e9rience, telles que la langue choisie ou le type de navigateur utilis\u00e9.<\/li>\n\n\n\n<li class=\"\"><strong>Cookies d\u2019analyse :<\/strong> Ce sont ceux qui permettent de quantifier le nombre d\u2019utilisateurs et d\u2019effectuer la mesure et l\u2019analyse statistique de l\u2019utilisation du site web. Les informations collect\u00e9es par le biais de ce type de cookies sont utilis\u00e9es pour am\u00e9liorer le contenu du site web et optimiser l\u2019exp\u00e9rience de navigation. <\/li>\n\n\n\n<li class=\"\"><strong>Cookies publicitaires :<\/strong> Ils permettent de g\u00e9rer, de la mani\u00e8re la plus efficace possible, les espaces publicitaires que, le cas \u00e9ch\u00e9ant, l\u2019\u00e9diteur a inclus sur le site web \u00e0 partir duquel il fournit le service.<\/li>\n<\/ul>\n\n<p class=\"\"><strong>3. COOKIES DE PREMI\u00c8RE PARTIE ET DE TIERS<\/strong><\/p>\n\n<ul class=\"wp-block-list\">\n<li class=\"\"><strong>Cookies internes :<\/strong> Il s\u2019agit de ceux qui sont envoy\u00e9s \u00e0 l\u2019appareil de l\u2019utilisateur \u00e0 partir d\u2019un ordinateur ou d\u2019un domaine g\u00e9r\u00e9 par Tektia.<\/li>\n\n\n\n<li class=\"\"><strong>Cookies tiers :<\/strong> Ce sont ceux qui sont envoy\u00e9s \u00e0 l\u2019appareil de l\u2019utilisateur \u00e0 partir d\u2019un ordinateur ou d\u2019un domaine g\u00e9r\u00e9 par une autre entit\u00e9 qui traite les donn\u00e9es obtenues par le biais de cookies, tels que des services d\u2019analyse ou de publicit\u00e9.<\/li>\n<\/ul>\n\n<p class=\"\"><strong>4. GESTION ET CONFIGURATION DES COOKIES<\/strong><\/p>\n\n<p class=\"\">L\u2019utilisateur peut d\u00e9sactiver, refuser ou supprimer les cookies install\u00e9s sur son terminal en configurant son navigateur :  <\/p>\n\n<ul class=\"wp-block-list\">\n<li class=\"\"><strong>Google Chrome :<\/strong> Param\u00e8tres des cookies dans Google Chrome<\/li>\n\n\n\n<li class=\"\"><strong>Mozilla Firefox :<\/strong> <a href=\"https:\/\/support.mozilla.org\/es\/kb\/habilitar-y-deshabilitar-cookies-sitios-web\">Param\u00e8tres des cookies dans Mozilla Firefox<\/a><\/li>\n\n\n\n<li class=\"\"><strong>Internet Explorer :<\/strong> <a href=\"https:\/\/support.microsoft.com\/es-es\/help\/17442\/windows-internet-explorer-delete-manage-cookies\">Param\u00e8tres des cookies dans Internet Explorer<\/a><\/li>\n\n\n\n<li class=\"\"><strong>Safari :<\/strong> <a href=\"https:\/\/support.apple.com\/es-es\/guide\/safari\/sfri11471\/mac\">Param\u00e8tres des cookies dans Safari<\/a><\/li>\n<\/ul>\n\n<p class=\"\">Dans le cas o\u00f9 vous refusez l\u2019utilisation des cookies, vous pourrez continuer \u00e0 utiliser le site web, bien que l\u2019utilisateur doive garder \u00e0 l\u2019esprit que la d\u00e9sactivation des cookies peut affecter le bon fonctionnement de certaines fonctions du site web.<\/p>\n\n<p class=\"\"><strong>5. MISE \u00c0 JOUR DE LA POLITIQUE EN MATI\u00c8RE DE COOKIES<\/strong><\/p>\n\n<p class=\"\">Tektia peut modifier la pr\u00e9sente politique en mati\u00e8re de cookies conform\u00e9ment aux nouvelles exigences l\u00e9gislatives ou r\u00e9glementaires ou afin d\u2019adapter la politique aux instructions \u00e9mises par l\u2019Agence espagnole de protection des donn\u00e9es. Toute modification sera notifi\u00e9e aux utilisateurs via le site Web. <\/p>\n\n<p class=\"\"><strong>6. INFORMATIONS COMPL\u00c9MENTAIRES<\/strong><\/p>\n\n<p class=\"\">Pour plus d\u2019informations sur l\u2019utilisation des cookies ou sur la mani\u00e8re de g\u00e9rer ses pr\u00e9f\u00e9rences, l\u2019utilisateur peut nous contacter \u00e0 <a href=\"mailto:info@tektia.com\">l\u2019adresse info@tektia.com<\/a>.  <\/p>\n","protected":false},"excerpt":{"rendered":"<p>Le site web de GLOBAL TEKTIA, S.L. (ci-apr\u00e8s, \u00ab Tektia \u00bb) utilise des cookies pour am\u00e9liorer l\u2019exp\u00e9rience de l\u2019utilisateur et fournir un service personnalis\u00e9 et efficace. En poursuivant sa navigation sur le site, l\u2019utilisateur accepte l\u2019utilisation de cookies conform\u00e9ment \u00e0 la pr\u00e9sente politique en mati\u00e8re de cookies. 1. QU\u2019EST-CE QU\u2019UN COOKIE ? Les cookies sont [&hellip;]<\/p>\n","protected":false},"author":3,"featured_media":0,"parent":0,"menu_order":0,"comment_status":"closed","ping_status":"closed","template":"","meta":{"_acf_changed":false,"inline_featured_image":false,"footnotes":""},"class_list":["post-2836","page","type-page","status-publish","hentry"],"acf":[],"_links":{"self":[{"href":"https:\/\/tektia.com\/fr\/wp-json\/wp\/v2\/pages\/2836","targetHints":{"allow":["GET"]}}],"collection":[{"href":"https:\/\/tektia.com\/fr\/wp-json\/wp\/v2\/pages"}],"about":[{"href":"https:\/\/tektia.com\/fr\/wp-json\/wp\/v2\/types\/page"}],"author":[{"embeddable":true,"href":"https:\/\/tektia.com\/fr\/wp-json\/wp\/v2\/users\/3"}],"replies":[{"embeddable":true,"href":"https:\/\/tektia.com\/fr\/wp-json\/wp\/v2\/comments?post=2836"}],"version-history":[{"count":1,"href":"https:\/\/tektia.com\/fr\/wp-json\/wp\/v2\/pages\/2836\/revisions"}],"predecessor-version":[{"id":2837,"href":"https:\/\/tektia.com\/fr\/wp-json\/wp\/v2\/pages\/2836\/revisions\/2837"}],"wp:attachment":[{"href":"https:\/\/tektia.com\/fr\/wp-json\/wp\/v2\/media?parent=2836"}],"curies":[{"name":"wp","href":"https:\/\/api.w.org\/{rel}","templated":true}]}}