{"id":2411,"date":"2024-10-17T14:23:48","date_gmt":"2024-10-17T14:23:48","guid":{"rendered":"https:\/\/tektia.com\/fenster\/"},"modified":"2025-01-08T22:41:12","modified_gmt":"2025-01-08T22:41:12","slug":"fenster","status":"publish","type":"page","link":"https:\/\/tektia.com\/de\/fenster\/","title":{"rendered":"Fenster"},"content":{"rendered":"\t\t<div data-elementor-type=\"wp-page\" data-elementor-id=\"2411\" class=\"elementor elementor-2411 elementor-1420\" data-elementor-post-type=\"page\">\n\t\t\t\t<div class=\"elementor-element elementor-element-11dec09 e-con-full e-flex e-con e-parent\" data-id=\"11dec09\" data-element_type=\"container\" data-e-type=\"container\">\n\t\t<div class=\"elementor-element elementor-element-4949872 e-flex e-con-boxed e-con e-child\" data-id=\"4949872\" data-element_type=\"container\" data-e-type=\"container\">\n\t\t\t\t\t<div class=\"e-con-inner\">\n\t\t\t\t<div class=\"elementor-element elementor-element-ed47a48 elementor-widget elementor-widget-heading\" data-id=\"ed47a48\" data-element_type=\"widget\" data-e-type=\"widget\" data-widget_type=\"heading.default\">\n\t\t\t\t<div class=\"elementor-widget-container\">\n\t\t\t\t\t<h2 class=\"elementor-heading-title elementor-size-default\">Effizienz, Komfort und Eleganz  <\/h2>\t\t\t\t<\/div>\n\t\t\t\t<\/div>\n\t\t\t\t<div class=\"elementor-element elementor-element-c56cf38 elementor-widget elementor-widget-image\" data-id=\"c56cf38\" data-element_type=\"widget\" data-e-type=\"widget\" data-widget_type=\"image.default\">\n\t\t\t\t<div class=\"elementor-widget-container\">\n\t\t\t\t\t\t\t\t\t\t\t\t\t\t\t<img fetchpriority=\"high\" decoding=\"async\" width=\"800\" height=\"800\" src=\"https:\/\/tektia.com\/wp-content\/uploads\/2024\/10\/logo-hermet-white.svg\" class=\"attachment-large size-large wp-image-2412\" alt=\"\" \/>\t\t\t\t\t\t\t\t\t\t\t\t\t\t\t<\/div>\n\t\t\t\t<\/div>\n\t\t\t\t\t<\/div>\n\t\t\t\t<\/div>\n\t\t<div class=\"elementor-element elementor-element-9ebf54d e-flex e-con-boxed e-con e-child\" data-id=\"9ebf54d\" data-element_type=\"container\" data-e-type=\"container\">\n\t\t\t\t\t<div class=\"e-con-inner\">\n\t\t\t\t<div class=\"elementor-element elementor-element-ddd73d7 elementor-widget elementor-widget-text-editor\" data-id=\"ddd73d7\" data-element_type=\"widget\" data-e-type=\"widget\" data-widget_type=\"text-editor.default\">\n\t\t\t\t<div class=\"elementor-widget-container\">\n\t\t\t\t\t\t\t\t\t<p>Wir sind offizieller Distributor von Hermet 10 Fenstern, der Marke von Ampuero Grupo Industrial 10, dem gr\u00f6\u00dften Hersteller von PVC- und Aluminiumfenstern in Spanien.<\/p>\n<p>Die 10 Fenster von Hermet garantieren eine maximale <span class=\"lime\">W\u00e4rme- und Schalld\u00e4mmung<\/span> , um den Komfort in Ihrem Zuhause zu gew\u00e4hrleisten und Ihnen zu helfen, Energie zu sparen.<\/p>\n\t\t\t\t\t\t\t\t<\/div>\n\t\t\t\t<\/div>\n\t\t\t\t\t<\/div>\n\t\t\t\t<\/div>\n\t\t<div class=\"elementor-element elementor-element-1592d94 e-flex e-con-boxed e-con e-child\" data-id=\"1592d94\" data-element_type=\"container\" data-e-type=\"container\">\n\t\t\t\t\t<div class=\"e-con-inner\">\n\t\t<div class=\"elementor-element elementor-element-dea0ea7 e-con-full e-flex e-con e-child\" data-id=\"dea0ea7\" data-element_type=\"container\" data-e-type=\"container\" data-settings=\"{&quot;background_background&quot;:&quot;classic&quot;}\">\n\t\t\t\t<div class=\"elementor-element elementor-element-297ef2a elementor-widget elementor-widget-html\" data-id=\"297ef2a\" data-element_type=\"widget\" data-e-type=\"widget\" data-widget_type=\"html.default\">\n\t\t\t\t<div class=\"elementor-widget-container\">\n\t\t\t\t\t<iframe width=\"100%\" height=\"100%\" src=\"https:\/\/my.matterport.com\/show\/?m=BRgzmcBAX1y\" frameborder=\"0\" enablefullscreen=\"\" enable=\"xr-spatial-tracking\"><\/iframe>\t\t\t\t<\/div>\n\t\t\t\t<\/div>\n\t\t\t\t<\/div>\n\t\t\t\t\t<\/div>\n\t\t\t\t<\/div>\n\t\t<div class=\"elementor-element elementor-element-73a88b8 e-flex e-con-boxed e-con e-child\" data-id=\"73a88b8\" data-element_type=\"container\" data-e-type=\"container\">\n\t\t\t\t\t<div class=\"e-con-inner\">\n\t\t\t\t<div class=\"elementor-element elementor-element-07f33e2 elementor-widget elementor-widget-text-editor\" data-id=\"07f33e2\" data-element_type=\"widget\" data-e-type=\"widget\" data-widget_type=\"text-editor.default\">\n\t\t\t\t<div class=\"elementor-widget-container\">\n\t\t\t\t\t\t\t\t\t<p>Spazieren Sie durch die Ausstellung, als w\u00e4ren Sie mittendrin. &#8211; <strong>Appell von Hermet 10<\/strong> <\/p>\n\t\t\t\t\t\t\t\t<\/div>\n\t\t\t\t<\/div>\n\t\t\t\t\t<\/div>\n\t\t\t\t<\/div>\n\t\t<div class=\"elementor-element elementor-element-6aaadec e-con-full e-flex e-con e-child\" data-id=\"6aaadec\" data-element_type=\"container\" data-e-type=\"container\" data-settings=\"{&quot;background_background&quot;:&quot;classic&quot;}\">\n\t\t<div class=\"elementor-element elementor-element-b489ddb e-flex e-con-boxed e-con e-child\" data-id=\"b489ddb\" data-element_type=\"container\" data-e-type=\"container\">\n\t\t\t\t\t<div class=\"e-con-inner\">\n\t\t<div class=\"elementor-element elementor-element-d75d505 e-con-full e-flex e-con e-child\" data-id=\"d75d505\" data-element_type=\"container\" data-e-type=\"container\">\n\t\t\t\t<div class=\"elementor-element elementor-element-c260c6e elementor-widget elementor-widget-html\" data-id=\"c260c6e\" data-element_type=\"widget\" data-e-type=\"widget\" data-widget_type=\"html.default\">\n\t\t\t\t<div class=\"elementor-widget-container\">\n\t\t\t\t\t<iframe src=\"https:\/\/www.google.com\/maps\/embed?pb=!1m18!1m12!1m3!1d2900.0991979157166!2d-4.498175741076655!3d43.37494983451025!2m3!1f0!2f0!3f0!3m2!1i1024!2i768!4f13.1!3m3!1m2!1s0xd49a3cbfaabb60b%3A0x95e6ad8f5ad31d3f!2sGesti%C3%B3n%20de%20Obras%20Gaby!5e0!3m2!1ses-419!2sar!4v1732801655150!5m2!1ses-419!2sar\" width=\"600\" height=\"450\" style=\"border:0;\" allowfullscreen=\"\" loading=\"lazy\" referrerpolicy=\"no-referrer-when-downgrade\"><\/iframe>\t\t\t\t<\/div>\n\t\t\t\t<\/div>\n\t\t\t\t<\/div>\n\t\t<div class=\"elementor-element elementor-element-1b948bb e-con-full e-flex e-con e-child\" data-id=\"1b948bb\" data-element_type=\"container\" data-e-type=\"container\">\n\t\t\t\t<div class=\"elementor-element elementor-element-a9e810f elementor-widget__width-initial elementor-widget elementor-widget-text-editor\" data-id=\"a9e810f\" data-element_type=\"widget\" data-e-type=\"widget\" data-widget_type=\"text-editor.default\">\n\t\t\t\t<div class=\"elementor-widget-container\">\n\t\t\t\t\t\t\t\t\t<p><span style=\"font-family: var( --e-global-typography-text-font-family ), Sans-serif; font-weight: var( --e-global-typography-text-font-weight ); text-align: var(--text-align); background-color: var( --e-global-color-text ); font-size: 1rem; letter-spacing: var( --e-global-typography-primary-letter-spacing );\">B\u00fcro f\u00fcr Fenster- und Ausstellungsprojekte:<\/span><\/p>\n<p>Pol. ind. Deva River, Schiffe 7 und 19<br \/>39548 Pesu\u00e9s, Val de San Vicente (Kantabrien)<br \/>Tel. 942 719 602  <\/p>\n\t\t\t\t\t\t\t\t<\/div>\n\t\t\t\t<\/div>\n\t\t\t\t<div class=\"elementor-element elementor-element-3f86d2b elementor-widget elementor-widget-button\" data-id=\"3f86d2b\" data-element_type=\"widget\" data-e-type=\"widget\" data-widget_type=\"button.default\">\n\t\t\t\t<div class=\"elementor-widget-container\">\n\t\t\t\t\t\t\t\t\t<div class=\"elementor-button-wrapper\">\n\t\t\t\t\t<a class=\"elementor-button elementor-button-link elementor-size-sm\" href=\"#contact-form\">\n\t\t\t\t\t\t<span class=\"elementor-button-content-wrapper\">\n\t\t\t\t\t\t<span class=\"elementor-button-icon\">\n\t\t\t\t<svg aria-hidden=\"true\" class=\"e-font-icon-svg e-fas-plus\" viewBox=\"0 0 448 512\" xmlns=\"http:\/\/www.w3.org\/2000\/svg\"><path d=\"M416 208H272V64c0-17.67-14.33-32-32-32h-32c-17.67 0-32 14.33-32 32v144H32c-17.67 0-32 14.33-32 32v32c0 17.67 14.33 32 32 32h144v144c0 17.67 14.33 32 32 32h32c17.67 0 32-14.33 32-32V304h144c17.67 0 32-14.33 32-32v-32c0-17.67-14.33-32-32-32z\"><\/path><\/svg>\t\t\t<\/span>\n\t\t\t\t\t\t\t\t\t<span class=\"elementor-button-text\">Erz\u00e4hlen Sie uns von Ihrem Projekt<br>und fordern Sie Ihr Angebot an<\/span>\n\t\t\t\t\t<\/span>\n\t\t\t\t\t<\/a>\n\t\t\t\t<\/div>\n\t\t\t\t\t\t\t\t<\/div>\n\t\t\t\t<\/div>\n\t\t\t\t<\/div>\n\t\t\t\t\t<\/div>\n\t\t\t\t<\/div>\n\t\t\t\t<\/div>\n\t\t\t\t<\/div>\n\t\t\t\t<\/div>\n\t\t","protected":false},"excerpt":{"rendered":"<p>Effizienz, Komfort und Eleganz Wir sind offizieller Distributor von Hermet 10 Fenstern, der Marke von Ampuero Grupo Industrial 10, dem gr\u00f6\u00dften Hersteller von PVC- und Aluminiumfenstern in Spanien. Die 10 Fenster von Hermet garantieren eine maximale W\u00e4rme- und Schalld\u00e4mmung , um den Komfort in Ihrem Zuhause zu gew\u00e4hrleisten und Ihnen zu helfen, Energie zu sparen. [&hellip;]<\/p>\n","protected":false},"author":3,"featured_media":0,"parent":0,"menu_order":0,"comment_status":"closed","ping_status":"closed","template":"","meta":{"_acf_changed":false,"inline_featured_image":false,"footnotes":""},"class_list":["post-2411","page","type-page","status-publish","hentry"],"acf":[],"_links":{"self":[{"href":"https:\/\/tektia.com\/de\/wp-json\/wp\/v2\/pages\/2411","targetHints":{"allow":["GET"]}}],"collection":[{"href":"https:\/\/tektia.com\/de\/wp-json\/wp\/v2\/pages"}],"about":[{"href":"https:\/\/tektia.com\/de\/wp-json\/wp\/v2\/types\/page"}],"author":[{"embeddable":true,"href":"https:\/\/tektia.com\/de\/wp-json\/wp\/v2\/users\/3"}],"replies":[{"embeddable":true,"href":"https:\/\/tektia.com\/de\/wp-json\/wp\/v2\/comments?post=2411"}],"version-history":[{"count":1,"href":"https:\/\/tektia.com\/de\/wp-json\/wp\/v2\/pages\/2411\/revisions"}],"predecessor-version":[{"id":2416,"href":"https:\/\/tektia.com\/de\/wp-json\/wp\/v2\/pages\/2411\/revisions\/2416"}],"wp:attachment":[{"href":"https:\/\/tektia.com\/de\/wp-json\/wp\/v2\/media?parent=2411"}],"curies":[{"name":"wp","href":"https:\/\/api.w.org\/{rel}","templated":true}]}}